{"id":5985,"date":"2021-08-04T11:47:54","date_gmt":"2021-08-04T09:47:54","guid":{"rendered":"https:\/\/www.ntsgen.com\/?page_id=5985"},"modified":"2021-08-16T15:23:36","modified_gmt":"2021-08-16T13:23:36","slug":"conduites","status":"publish","type":"page","link":"https:\/\/www.fibresecurity.com\/fr\/conduites\/","title":{"rendered":"Conduites"},"content":{"rendered":"\t\t<div data-elementor-type=\"wp-page\" data-elementor-id=\"5985\" class=\"elementor elementor-5985 elementor-2337\" data-elementor-post-type=\"page\">\n\t\t\t\t\t\t\t\t\t<section class=\"elementor-section elementor-top-section elementor-element elementor-element-584b63a9 elementor-section-full_width elementor-section-height-default elementor-section-height-default\" data-id=\"584b63a9\" data-element_type=\"section\">\n\t\t\t\t\t\t<div class=\"elementor-container elementor-column-gap-default\">\n\t\t\t\t\t<div class=\"elementor-column elementor-col-100 elementor-top-column elementor-element elementor-element-171ee477\" data-id=\"171ee477\" data-element_type=\"column\">\n\t\t\t<div class=\"elementor-widget-wrap elementor-element-populated\">\n\t\t\t\t\t\t\t\t<div class=\"elementor-element elementor-element-2e043390 elementor--h-position-center elementor--v-position-middle elementor-arrows-position-inside elementor-widget elementor-widget-slides\" data-id=\"2e043390\" data-element_type=\"widget\" data-settings=\"{&quot;navigation&quot;:&quot;arrows&quot;,&quot;transition_speed&quot;:800,&quot;transition&quot;:&quot;slide&quot;}\" data-widget_type=\"slides.default\">\n\t\t\t\t<div class=\"elementor-widget-container\">\n\t\t\t<style>\/*! elementor-pro - v3.15.0 - 09-08-2023 *\/\n.elementor-slides .swiper-slide-bg{background-size:cover;background-position:50%;background-repeat:no-repeat;min-width:100%;min-height:100%}.elementor-slides .swiper-slide-inner{background-repeat:no-repeat;background-position:50%;position:absolute;top:0;left:0;bottom:0;right:0;padding:50px;margin:auto}.elementor-slides .swiper-slide-inner,.elementor-slides .swiper-slide-inner:hover{color:#fff;display:flex}.elementor-slides .swiper-slide-inner .elementor-background-overlay{position:absolute;z-index:0;top:0;bottom:0;left:0;right:0}.elementor-slides .swiper-slide-inner .elementor-slide-content{position:relative;z-index:1;width:100%}.elementor-slides .swiper-slide-inner .elementor-slide-heading{font-size:35px;font-weight:700;line-height:1}.elementor-slides .swiper-slide-inner .elementor-slide-description{font-size:17px;line-height:1.4}.elementor-slides .swiper-slide-inner .elementor-slide-description:not(:last-child),.elementor-slides .swiper-slide-inner .elementor-slide-heading:not(:last-child){margin-bottom:30px}.elementor-slides .swiper-slide-inner .elementor-slide-button{border:2px solid #fff;color:#fff;background:transparent;display:inline-block}.elementor-slides .swiper-slide-inner .elementor-slide-button,.elementor-slides .swiper-slide-inner .elementor-slide-button:hover{background:transparent;color:inherit;text-decoration:none}.elementor--v-position-top .swiper-slide-inner{align-items:flex-start}.elementor--v-position-bottom .swiper-slide-inner{align-items:flex-end}.elementor--v-position-middle .swiper-slide-inner{align-items:center}.elementor--h-position-left .swiper-slide-inner{justify-content:flex-start}.elementor--h-position-right .swiper-slide-inner{justify-content:flex-end}.elementor--h-position-center .swiper-slide-inner{justify-content:center}body.rtl .elementor-widget-slides .elementor-swiper-button-next{left:10px;right:auto}body.rtl .elementor-widget-slides .elementor-swiper-button-prev{right:10px;left:auto}.elementor-slides-wrapper div:not(.swiper-slide)>.swiper-slide-inner{display:none}@media (max-width:767px){.elementor-slides .swiper-slide-inner{padding:30px}.elementor-slides .swiper-slide-inner .elementor-slide-heading{font-size:23px;line-height:1;margin-bottom:15px}.elementor-slides .swiper-slide-inner .elementor-slide-description{font-size:13px;line-height:1.4;margin-bottom:15px}}<\/style>\t\t<div class=\"elementor-swiper\">\n\t\t\t<div class=\"elementor-slides-wrapper elementor-main-swiper swiper\" dir=\"ltr\" data-animation=\"zoomIn\">\n\t\t\t\t<div class=\"swiper-wrapper elementor-slides\">\n\t\t\t\t\t\t\t\t\t\t<div class=\"elementor-repeater-item-49688cc swiper-slide\"><div class=\"swiper-slide-bg\" role=\"img\"><\/div><div class=\"swiper-slide-inner\" ><div class=\"swiper-slide-contents\"><\/div><\/div><\/div>\t\t\t\t<\/div>\n\t\t\t\t\t\t\t<\/div>\n\t\t<\/div>\n\t\t\t\t<\/div>\n\t\t\t\t<\/div>\n\t\t\t\t\t<\/div>\n\t\t<\/div>\n\t\t\t\t\t\t\t<\/div>\n\t\t<\/section>\n\t\t\t\t<section class=\"elementor-section elementor-top-section elementor-element elementor-element-1e382edb elementor-section-boxed elementor-section-height-default elementor-section-height-default\" data-id=\"1e382edb\" data-element_type=\"section\">\n\t\t\t\t\t\t<div class=\"elementor-container elementor-column-gap-default\">\n\t\t\t\t\t<div class=\"elementor-column elementor-col-66 elementor-top-column elementor-element elementor-element-72f5b33a elementor-invisible\" data-id=\"72f5b33a\" data-element_type=\"column\" data-settings=\"{&quot;animation&quot;:&quot;fadeInLeft&quot;}\">\n\t\t\t<div class=\"elementor-widget-wrap elementor-element-populated\">\n\t\t\t\t\t\t\t\t<div class=\"elementor-element elementor-element-74465de3 elementor-widget elementor-widget-text-editor\" data-id=\"74465de3\" data-element_type=\"widget\" data-widget_type=\"text-editor.default\">\n\t\t\t\t<div class=\"elementor-widget-container\">\n\t\t\t<style>\/*! elementor - v3.15.0 - 20-08-2023 *\/\n.elementor-widget-text-editor.elementor-drop-cap-view-stacked .elementor-drop-cap{background-color:#69727d;color:#fff}.elementor-widget-text-editor.elementor-drop-cap-view-framed .elementor-drop-cap{color:#69727d;border:3px solid;background-color:transparent}.elementor-widget-text-editor:not(.elementor-drop-cap-view-default) .elementor-drop-cap{margin-top:8px}.elementor-widget-text-editor:not(.elementor-drop-cap-view-default) .elementor-drop-cap-letter{width:1em;height:1em}.elementor-widget-text-editor .elementor-drop-cap{float:left;text-align:center;line-height:1;font-size:50px}.elementor-widget-text-editor .elementor-drop-cap-letter{display:inline-block}<\/style>\t\t\t\t<p>NTSG a \u00e9tudi\u00e9 des solutions sp\u00e9cifiques pour diff\u00e9rentes applications dans le secteur de l\u2019eau:<\/p><ul><li><strong>&#8221;OF&#8221; Water Pipe<\/strong>: pour la surveillance des conduites d\u2019eau et des fluides qui s\u2019y \u00e9coulent;<\/li><li><strong>&#8221;OF&#8221; Sewerage<\/strong>: pour le contr\u00f4le du r\u00e9seau d\u2019\u00e9gouts et des fluides qui s\u2019y \u00e9coulent;<\/li><li><strong>&#8220;OF&#8221; SmartPipe<\/strong>: service innovant de relining sensoris\u00e9 des conduits.<br \/><br \/><\/li><\/ul><h2>CONDUITES D\u2019EAU \u00b7 pr\u00e9vention avec \u00ab\u00a0OF\u00a0\u00bb WATER<\/h2><p>Gr\u00e2ce au contr\u00f4le automatique des:<\/p><ul><li>d\u00e9formations de la conduite<\/li><li>pertes<\/li><li>temp\u00e9rature<\/li><li>pose<\/li><li>flux<\/li><li>Volume et pression du fluide<\/li><\/ul><p>\u00a0<\/p><h3>POSITIONNEMENT DU SYST\u00c8ME<\/h3><ul><li>\u00c0 l\u2019ext\u00e9rieur ou \u00e0 l\u2019int\u00e9rieur (inspectable) de la conduite<br \/><br \/><\/li><\/ul><h3>propri\u00e9t\u00e9<\/h3><ul><li>Suivi en temps r\u00e9el de la d\u00e9formation de la conduite<\/li><li>Identification des pertes (position et dimension)<\/li><li>Profil thermique du pipeline<br \/>Suivi en temps r\u00e9el des<\/li><li>mouvements de conduite provoqu\u00e9s par l\u2019affaissement de la structure de support ou par des agents externes<\/li><li>Mesure de l\u2019effet de corrosion du conduit (d\u00e9t\u00e9rioration)<\/li><li>D\u00e9finition du parcours de la conduite<br \/><br \/><\/li><\/ul><h2>CONDUITES FOGNARIE \u00b7 applications civiles et industrielles<\/h2><ul><li>R\u00e9seaux d\u2019\u00e9gouts<\/li><li>Conduites de ventilation<\/li><li>R\u00e9seaux d\u2019incendie<\/li><li>Installations de traitement de l\u2019eau<\/li><li>Installations d\u2019eau<\/li><li>Conduites \u00e0 poils libres et sous pression<\/li><li>R\u00e9seaux d\u2019eau<\/li><\/ul><h3><br \/>POSITIONNEMENT DU SYST\u00c8ME<\/h3><ul><li>\u00c0 l\u2019ext\u00e9rieur ou \u00e0 l\u2019int\u00e9rieur (inspectable) de la conduite<\/li><\/ul><h3><br \/>propri\u00e9t\u00e9<\/h3><ul><li>Mesure des d\u00e9formations de la structure de la conduite (affaissements)<\/li><li>Surveillance des vibrations de conduite<\/li><li>Mesure de l\u2019effet de corrosion du conduit (d\u00e9t\u00e9rioration)<\/li><li>Identification pr\u00e9sence eau parasite, position et quantit\u00e9<\/li><li>Identification de la pr\u00e9sence d\u2019allaces (position)<\/li><li>Contribution des lacets<\/li><li>Niveau des liquides<\/li><li>Vitesse des liquides<\/li><li>Port\u00e9e des liquides<\/li><li>Temp\u00e9rature des liquides<\/li><li>Pr\u00e9sence pose au fond de la conduite<\/li><\/ul><p>\u00a0<\/p>\t\t\t\t\t\t<\/div>\n\t\t\t\t<\/div>\n\t\t\t\t\t<\/div>\n\t\t<\/div>\n\t\t\t\t<div class=\"elementor-column elementor-col-33 elementor-top-column elementor-element elementor-element-3e20b12f elementor-invisible\" data-id=\"3e20b12f\" data-element_type=\"column\" data-settings=\"{&quot;animation&quot;:&quot;fadeInRight&quot;}\">\n\t\t\t<div class=\"elementor-widget-wrap elementor-element-populated\">\n\t\t\t\t\t\t\t\t<div class=\"elementor-element elementor-element-54e99bef elementor-widget elementor-widget-heading\" data-id=\"54e99bef\" data-element_type=\"widget\" data-widget_type=\"heading.default\">\n\t\t\t\t<div class=\"elementor-widget-container\">\n\t\t\t<style>\/*! elementor - v3.15.0 - 20-08-2023 *\/\n.elementor-heading-title{padding:0;margin:0;line-height:1}.elementor-widget-heading .elementor-heading-title[class*=elementor-size-]>a{color:inherit;font-size:inherit;line-height:inherit}.elementor-widget-heading .elementor-heading-title.elementor-size-small{font-size:15px}.elementor-widget-heading .elementor-heading-title.elementor-size-medium{font-size:19px}.elementor-widget-heading .elementor-heading-title.elementor-size-large{font-size:29px}.elementor-widget-heading .elementor-heading-title.elementor-size-xl{font-size:39px}.elementor-widget-heading .elementor-heading-title.elementor-size-xxl{font-size:59px}<\/style><h3 class=\"elementor-heading-title elementor-size-default\">Applications<\/h3>\t\t<\/div>\n\t\t\t\t<\/div>\n\t\t\t\t<div class=\"elementor-element elementor-element-5424f2d4 elementor-nav-menu--dropdown-none elementor-widget elementor-widget-global elementor-global-484 elementor-widget-nav-menu\" data-id=\"5424f2d4\" data-element_type=\"widget\" data-settings=\"{&quot;layout&quot;:&quot;vertical&quot;,&quot;submenu_icon&quot;:{&quot;value&quot;:&quot;&quot;,&quot;library&quot;:&quot;&quot;}}\" data-widget_type=\"nav-menu.default\">\n\t\t\t\t<div class=\"elementor-widget-container\">\n\t\t\t<link rel=\"stylesheet\" href=\"https:\/\/www.fibresecurity.com\/wp-content\/plugins\/elementor-pro\/assets\/css\/widget-nav-menu.min.css\">\t\t\t<nav class=\"elementor-nav-menu--main elementor-nav-menu__container elementor-nav-menu--layout-vertical e--pointer-none\">\n\t\t\t\t<ul id=\"menu-1-5424f2d4\" class=\"elementor-nav-menu sm-vertical\"><li class=\"menu-item menu-item-type-post_type menu-item-object-page menu-item-7335\"><a href=\"https:\/\/www.fibresecurity.com\/fr\/infrastructures-civiles\/\" class=\"elementor-item\">Infrastructures Civiles<\/a><\/li>\n<li class=\"menu-item menu-item-type-post_type menu-item-object-page menu-item-7340\"><a href=\"https:\/\/www.fibresecurity.com\/fr\/tours\/\" class=\"elementor-item\">Tours<\/a><\/li>\n<li class=\"menu-item menu-item-type-post_type menu-item-object-page menu-item-7339\"><a href=\"https:\/\/www.fibresecurity.com\/fr\/ponts\/\" class=\"elementor-item\">Ponts<\/a><\/li>\n<li class=\"menu-item menu-item-type-post_type menu-item-object-page menu-item-7656\"><a href=\"https:\/\/www.fibresecurity.com\/fr\/autoroutes\/\" class=\"elementor-item\">Autoroutes<\/a><\/li>\n<li class=\"menu-item menu-item-type-post_type menu-item-object-page menu-item-7334\"><a href=\"https:\/\/www.fibresecurity.com\/fr\/galeries\/\" class=\"elementor-item\">Galeries<\/a><\/li>\n<li class=\"menu-item menu-item-type-post_type menu-item-object-page menu-item-7336\"><a href=\"https:\/\/www.fibresecurity.com\/fr\/train\/\" class=\"elementor-item\">le train<\/a><\/li>\n<li class=\"menu-item menu-item-type-post_type menu-item-object-page menu-item-7338\"><a href=\"https:\/\/www.fibresecurity.com\/fr\/petrole-et-gaz\/\" class=\"elementor-item\">P\u00e9trole et gaz<\/a><\/li>\n<li class=\"menu-item menu-item-type-post_type menu-item-object-page menu-item-7332\"><a href=\"https:\/\/www.fibresecurity.com\/fr\/energie\/\" class=\"elementor-item\">\u00e9nergie<\/a><\/li>\n<li class=\"menu-item menu-item-type-post_type menu-item-object-page menu-item-7333\"><a href=\"https:\/\/www.fibresecurity.com\/fr\/eolien\/\" class=\"elementor-item\">\u00e9olien<\/a><\/li>\n<li class=\"menu-item menu-item-type-post_type menu-item-object-page menu-item-7331\"><a href=\"https:\/\/www.fibresecurity.com\/fr\/conduites\/\" class=\"elementor-item\">Conduites<\/a><\/li>\n<li class=\"menu-item menu-item-type-post_type menu-item-object-page menu-item-7329\"><a href=\"https:\/\/www.fibresecurity.com\/fr\/barrages\/\" class=\"elementor-item\">barrages<\/a><\/li>\n<li class=\"menu-item menu-item-type-post_type menu-item-object-page menu-item-7330\"><a href=\"https:\/\/www.fibresecurity.com\/fr\/cultural-heritage\/\" class=\"elementor-item\">biens culturels<\/a><\/li>\n<li class=\"menu-item menu-item-type-post_type menu-item-object-page menu-item-7326\"><a href=\"https:\/\/www.fibresecurity.com\/fr\/aeronautico\/\" class=\"elementor-item\">A\u00e9ronautique<\/a><\/li>\n<li class=\"menu-item menu-item-type-post_type menu-item-object-page menu-item-7327\"><a href=\"https:\/\/www.fibresecurity.com\/fr\/aerospatiale\/\" class=\"elementor-item\">A\u00e9rospatiale<\/a><\/li>\n<li class=\"menu-item menu-item-type-post_type menu-item-object-page menu-item-7328\"><a href=\"https:\/\/www.fibresecurity.com\/fr\/automobile\/\" class=\"elementor-item\">Automobile<\/a><\/li>\n<li class=\"menu-item menu-item-type-post_type menu-item-object-page menu-item-7337\"><a href=\"https:\/\/www.fibresecurity.com\/fr\/nautique\/\" class=\"elementor-item\">Nautique<\/a><\/li>\n<\/ul>\t\t\t<\/nav>\n\t\t\t\t\t\t<nav class=\"elementor-nav-menu--dropdown elementor-nav-menu__container\" aria-hidden=\"true\">\n\t\t\t\t<ul id=\"menu-2-5424f2d4\" class=\"elementor-nav-menu sm-vertical\"><li class=\"menu-item menu-item-type-post_type menu-item-object-page menu-item-7335\"><a href=\"https:\/\/www.fibresecurity.com\/fr\/infrastructures-civiles\/\" class=\"elementor-item\" tabindex=\"-1\">Infrastructures Civiles<\/a><\/li>\n<li class=\"menu-item menu-item-type-post_type menu-item-object-page menu-item-7340\"><a href=\"https:\/\/www.fibresecurity.com\/fr\/tours\/\" class=\"elementor-item\" tabindex=\"-1\">Tours<\/a><\/li>\n<li class=\"menu-item menu-item-type-post_type menu-item-object-page menu-item-7339\"><a href=\"https:\/\/www.fibresecurity.com\/fr\/ponts\/\" class=\"elementor-item\" tabindex=\"-1\">Ponts<\/a><\/li>\n<li class=\"menu-item menu-item-type-post_type menu-item-object-page menu-item-7656\"><a href=\"https:\/\/www.fibresecurity.com\/fr\/autoroutes\/\" class=\"elementor-item\" tabindex=\"-1\">Autoroutes<\/a><\/li>\n<li class=\"menu-item menu-item-type-post_type menu-item-object-page menu-item-7334\"><a href=\"https:\/\/www.fibresecurity.com\/fr\/galeries\/\" class=\"elementor-item\" tabindex=\"-1\">Galeries<\/a><\/li>\n<li class=\"menu-item menu-item-type-post_type menu-item-object-page menu-item-7336\"><a href=\"https:\/\/www.fibresecurity.com\/fr\/train\/\" class=\"elementor-item\" tabindex=\"-1\">le train<\/a><\/li>\n<li class=\"menu-item menu-item-type-post_type menu-item-object-page menu-item-7338\"><a href=\"https:\/\/www.fibresecurity.com\/fr\/petrole-et-gaz\/\" class=\"elementor-item\" tabindex=\"-1\">P\u00e9trole et gaz<\/a><\/li>\n<li class=\"menu-item menu-item-type-post_type menu-item-object-page menu-item-7332\"><a href=\"https:\/\/www.fibresecurity.com\/fr\/energie\/\" class=\"elementor-item\" tabindex=\"-1\">\u00e9nergie<\/a><\/li>\n<li class=\"menu-item menu-item-type-post_type menu-item-object-page menu-item-7333\"><a href=\"https:\/\/www.fibresecurity.com\/fr\/eolien\/\" class=\"elementor-item\" tabindex=\"-1\">\u00e9olien<\/a><\/li>\n<li class=\"menu-item menu-item-type-post_type menu-item-object-page menu-item-7331\"><a href=\"https:\/\/www.fibresecurity.com\/fr\/conduites\/\" class=\"elementor-item\" tabindex=\"-1\">Conduites<\/a><\/li>\n<li class=\"menu-item menu-item-type-post_type menu-item-object-page menu-item-7329\"><a href=\"https:\/\/www.fibresecurity.com\/fr\/barrages\/\" class=\"elementor-item\" tabindex=\"-1\">barrages<\/a><\/li>\n<li class=\"menu-item menu-item-type-post_type menu-item-object-page menu-item-7330\"><a href=\"https:\/\/www.fibresecurity.com\/fr\/cultural-heritage\/\" class=\"elementor-item\" tabindex=\"-1\">biens culturels<\/a><\/li>\n<li class=\"menu-item menu-item-type-post_type menu-item-object-page menu-item-7326\"><a href=\"https:\/\/www.fibresecurity.com\/fr\/aeronautico\/\" class=\"elementor-item\" tabindex=\"-1\">A\u00e9ronautique<\/a><\/li>\n<li class=\"menu-item menu-item-type-post_type menu-item-object-page menu-item-7327\"><a href=\"https:\/\/www.fibresecurity.com\/fr\/aerospatiale\/\" class=\"elementor-item\" tabindex=\"-1\">A\u00e9rospatiale<\/a><\/li>\n<li class=\"menu-item menu-item-type-post_type menu-item-object-page menu-item-7328\"><a href=\"https:\/\/www.fibresecurity.com\/fr\/automobile\/\" class=\"elementor-item\" tabindex=\"-1\">Automobile<\/a><\/li>\n<li class=\"menu-item menu-item-type-post_type menu-item-object-page menu-item-7337\"><a href=\"https:\/\/www.fibresecurity.com\/fr\/nautique\/\" class=\"elementor-item\" tabindex=\"-1\">Nautique<\/a><\/li>\n<\/ul>\t\t\t<\/nav>\n\t\t\t\t<\/div>\n\t\t\t\t<\/div>\n\t\t\t\t\t<\/div>\n\t\t<\/div>\n\t\t\t\t\t\t\t<\/div>\n\t\t<\/section>\n\t\t\t\t\t\t\t<\/div>\n\t\t","protected":false},"excerpt":{"rendered":"<p>NTSG a \u00e9tudi\u00e9 des solutions sp\u00e9cifiques pour diff\u00e9rentes applications dans le secteur de l\u2019eau: &#8221;OF&#8221; Water Pipe: pour la surveillance des conduites d\u2019eau et des fluides qui s\u2019y \u00e9coulent; &#8221;OF&#8221; Sewerage: pour le contr\u00f4le du r\u00e9seau d\u2019\u00e9gouts et des fluides qui s\u2019y \u00e9coulent; &#8220;OF&#8221; SmartPipe: service innovant de relining sensoris\u00e9 des conduits. CONDUITES D\u2019EAU \u00b7&hellip; <a class=\"more-link\" href=\"https:\/\/www.fibresecurity.com\/fr\/conduites\/\">Continue reading <span class=\"screen-reader-text\">Conduites<\/span><\/a><\/p>\n","protected":false},"author":2,"featured_media":0,"parent":0,"menu_order":0,"comment_status":"closed","ping_status":"closed","template":"elementor_header_footer","meta":{"footnotes":""},"class_list":["post-5985","page","type-page","status-publish","hentry","entry"],"acf":[],"yoast_head":"<!-- This site is optimized with the Yoast SEO plugin v21.1 - https:\/\/yoast.com\/wordpress\/plugins\/seo\/ -->\n<title>Conduites - Fibresecurity<\/title>\n<meta name=\"robots\" content=\"noindex, follow, max-snippet:-1, max-image-preview:large, max-video-preview:-1\" \/>\n<meta property=\"og:locale\" content=\"fr_FR\" \/>\n<meta property=\"og:type\" content=\"article\" \/>\n<meta property=\"og:title\" content=\"Conduites - Fibresecurity\" \/>\n<meta property=\"og:description\" content=\"NTSG a \u00e9tudi\u00e9 des solutions sp\u00e9cifiques pour diff\u00e9rentes applications dans le secteur de l\u2019eau: &#8221;OF&#8221; Water Pipe: pour la surveillance des conduites d\u2019eau et des fluides qui s\u2019y \u00e9coulent; &#8221;OF&#8221; Sewerage: pour le contr\u00f4le du r\u00e9seau d\u2019\u00e9gouts et des fluides qui s\u2019y \u00e9coulent; &#8220;OF&#8221; SmartPipe: service innovant de relining sensoris\u00e9 des conduits. CONDUITES D\u2019EAU \u00b7&hellip; Continue reading Conduites\" \/>\n<meta property=\"og:url\" content=\"https:\/\/www.fibresecurity.com\/fr\/conduites\/\" \/>\n<meta property=\"og:site_name\" content=\"Fibresecurity\" \/>\n<meta property=\"article:modified_time\" content=\"2021-08-16T13:23:36+00:00\" \/>\n<meta name=\"twitter:card\" content=\"summary_large_image\" \/>\n<meta name=\"twitter:label1\" content=\"Est. reading time\" \/>\n\t<meta name=\"twitter:data1\" content=\"2 minutes\" \/>\n<script type=\"application\/ld+json\" class=\"yoast-schema-graph\">{\"@context\":\"https:\/\/schema.org\",\"@graph\":[{\"@type\":\"WebPage\",\"@id\":\"https:\/\/www.fibresecurity.com\/fr\/conduites\/\",\"url\":\"https:\/\/www.fibresecurity.com\/fr\/conduites\/\",\"name\":\"Conduites - Fibresecurity\",\"isPartOf\":{\"@id\":\"https:\/\/www.fibresecurity.com\/fr\/#website\"},\"datePublished\":\"2021-08-04T09:47:54+00:00\",\"dateModified\":\"2021-08-16T13:23:36+00:00\",\"breadcrumb\":{\"@id\":\"https:\/\/www.fibresecurity.com\/fr\/conduites\/#breadcrumb\"},\"inLanguage\":\"fr-FR\",\"potentialAction\":[{\"@type\":\"ReadAction\",\"target\":[\"https:\/\/www.fibresecurity.com\/fr\/conduites\/\"]}]},{\"@type\":\"BreadcrumbList\",\"@id\":\"https:\/\/www.fibresecurity.com\/fr\/conduites\/#breadcrumb\",\"itemListElement\":[{\"@type\":\"ListItem\",\"position\":1,\"name\":\"Home\",\"item\":\"https:\/\/www.fibresecurity.com\/fr\/\"},{\"@type\":\"ListItem\",\"position\":2,\"name\":\"Conduites\"}]},{\"@type\":\"WebSite\",\"@id\":\"https:\/\/www.fibresecurity.com\/fr\/#website\",\"url\":\"https:\/\/www.fibresecurity.com\/fr\/\",\"name\":\"Fibresecurity\",\"description\":\"Fibresecurity\",\"publisher\":{\"@id\":\"https:\/\/www.fibresecurity.com\/fr\/#organization\"},\"potentialAction\":[{\"@type\":\"SearchAction\",\"target\":{\"@type\":\"EntryPoint\",\"urlTemplate\":\"https:\/\/www.fibresecurity.com\/fr\/?s={search_term_string}\"},\"query-input\":\"required name=search_term_string\"}],\"inLanguage\":\"fr-FR\"},{\"@type\":\"Organization\",\"@id\":\"https:\/\/www.fibresecurity.com\/fr\/#organization\",\"name\":\"Fibresecurity\",\"url\":\"https:\/\/www.fibresecurity.com\/fr\/\",\"logo\":{\"@type\":\"ImageObject\",\"inLanguage\":\"fr-FR\",\"@id\":\"https:\/\/www.fibresecurity.com\/fr\/#\/schema\/logo\/image\/\",\"url\":\"https:\/\/www.fibresecurity.com\/wp-content\/uploads\/2022\/06\/FIBRESECURITY_Logo.png\",\"contentUrl\":\"https:\/\/www.fibresecurity.com\/wp-content\/uploads\/2022\/06\/FIBRESECURITY_Logo.png\",\"width\":285,\"height\":100,\"caption\":\"Fibresecurity\"},\"image\":{\"@id\":\"https:\/\/www.fibresecurity.com\/fr\/#\/schema\/logo\/image\/\"}}]}<\/script>\n<!-- \/ Yoast SEO plugin. -->","yoast_head_json":{"title":"Conduites - Fibresecurity","robots":{"index":"noindex","follow":"follow","max-snippet":"max-snippet:-1","max-image-preview":"max-image-preview:large","max-video-preview":"max-video-preview:-1"},"og_locale":"fr_FR","og_type":"article","og_title":"Conduites - Fibresecurity","og_description":"NTSG a \u00e9tudi\u00e9 des solutions sp\u00e9cifiques pour diff\u00e9rentes applications dans le secteur de l\u2019eau: &#8221;OF&#8221; Water Pipe: pour la surveillance des conduites d\u2019eau et des fluides qui s\u2019y \u00e9coulent; &#8221;OF&#8221; Sewerage: pour le contr\u00f4le du r\u00e9seau d\u2019\u00e9gouts et des fluides qui s\u2019y \u00e9coulent; &#8220;OF&#8221; SmartPipe: service innovant de relining sensoris\u00e9 des conduits. CONDUITES D\u2019EAU \u00b7&hellip; Continue reading Conduites","og_url":"https:\/\/www.fibresecurity.com\/fr\/conduites\/","og_site_name":"Fibresecurity","article_modified_time":"2021-08-16T13:23:36+00:00","twitter_card":"summary_large_image","twitter_misc":{"Est. reading time":"2 minutes"},"schema":{"@context":"https:\/\/schema.org","@graph":[{"@type":"WebPage","@id":"https:\/\/www.fibresecurity.com\/fr\/conduites\/","url":"https:\/\/www.fibresecurity.com\/fr\/conduites\/","name":"Conduites - Fibresecurity","isPartOf":{"@id":"https:\/\/www.fibresecurity.com\/fr\/#website"},"datePublished":"2021-08-04T09:47:54+00:00","dateModified":"2021-08-16T13:23:36+00:00","breadcrumb":{"@id":"https:\/\/www.fibresecurity.com\/fr\/conduites\/#breadcrumb"},"inLanguage":"fr-FR","potentialAction":[{"@type":"ReadAction","target":["https:\/\/www.fibresecurity.com\/fr\/conduites\/"]}]},{"@type":"BreadcrumbList","@id":"https:\/\/www.fibresecurity.com\/fr\/conduites\/#breadcrumb","itemListElement":[{"@type":"ListItem","position":1,"name":"Home","item":"https:\/\/www.fibresecurity.com\/fr\/"},{"@type":"ListItem","position":2,"name":"Conduites"}]},{"@type":"WebSite","@id":"https:\/\/www.fibresecurity.com\/fr\/#website","url":"https:\/\/www.fibresecurity.com\/fr\/","name":"Fibresecurity","description":"Fibresecurity","publisher":{"@id":"https:\/\/www.fibresecurity.com\/fr\/#organization"},"potentialAction":[{"@type":"SearchAction","target":{"@type":"EntryPoint","urlTemplate":"https:\/\/www.fibresecurity.com\/fr\/?s={search_term_string}"},"query-input":"required name=search_term_string"}],"inLanguage":"fr-FR"},{"@type":"Organization","@id":"https:\/\/www.fibresecurity.com\/fr\/#organization","name":"Fibresecurity","url":"https:\/\/www.fibresecurity.com\/fr\/","logo":{"@type":"ImageObject","inLanguage":"fr-FR","@id":"https:\/\/www.fibresecurity.com\/fr\/#\/schema\/logo\/image\/","url":"https:\/\/www.fibresecurity.com\/wp-content\/uploads\/2022\/06\/FIBRESECURITY_Logo.png","contentUrl":"https:\/\/www.fibresecurity.com\/wp-content\/uploads\/2022\/06\/FIBRESECURITY_Logo.png","width":285,"height":100,"caption":"Fibresecurity"},"image":{"@id":"https:\/\/www.fibresecurity.com\/fr\/#\/schema\/logo\/image\/"}}]}},"_links":{"self":[{"href":"https:\/\/www.fibresecurity.com\/fr\/wp-json\/wp\/v2\/pages\/5985","targetHints":{"allow":["GET"]}}],"collection":[{"href":"https:\/\/www.fibresecurity.com\/fr\/wp-json\/wp\/v2\/pages"}],"about":[{"href":"https:\/\/www.fibresecurity.com\/fr\/wp-json\/wp\/v2\/types\/page"}],"author":[{"embeddable":true,"href":"https:\/\/www.fibresecurity.com\/fr\/wp-json\/wp\/v2\/users\/2"}],"replies":[{"embeddable":true,"href":"https:\/\/www.fibresecurity.com\/fr\/wp-json\/wp\/v2\/comments?post=5985"}],"version-history":[{"count":0,"href":"https:\/\/www.fibresecurity.com\/fr\/wp-json\/wp\/v2\/pages\/5985\/revisions"}],"wp:attachment":[{"href":"https:\/\/www.fibresecurity.com\/fr\/wp-json\/wp\/v2\/media?parent=5985"}],"curies":[{"name":"wp","href":"https:\/\/api.w.org\/{rel}","templated":true}]}}