{"id":6157,"date":"2021-08-04T15:57:31","date_gmt":"2021-08-04T13:57:31","guid":{"rendered":"https:\/\/www.ntsgen.com\/?page_id=6157"},"modified":"2021-08-04T15:57:35","modified_gmt":"2021-08-04T13:57:35","slug":"nouvelles","status":"publish","type":"page","link":"https:\/\/www.fibresecurity.com\/fr\/nouvelles\/","title":{"rendered":"Nouvelles"},"content":{"rendered":"\t\t<div data-elementor-type=\"wp-page\" data-elementor-id=\"6157\" class=\"elementor elementor-6157 elementor-1300\" data-elementor-post-type=\"page\">\n\t\t\t\t\t\t\t\t\t<section class=\"elementor-section elementor-top-section elementor-element elementor-element-65a30765 elementor-section-full_width elementor-section-height-default elementor-section-height-default\" data-id=\"65a30765\" data-element_type=\"section\">\n\t\t\t\t\t\t<div class=\"elementor-container elementor-column-gap-default\">\n\t\t\t\t\t<div class=\"elementor-column elementor-col-100 elementor-top-column elementor-element elementor-element-69dd8b44\" data-id=\"69dd8b44\" data-element_type=\"column\">\n\t\t\t<div class=\"elementor-widget-wrap\">\n\t\t\t\t\t\t\t\t\t<\/div>\n\t\t<\/div>\n\t\t\t\t\t\t\t<\/div>\n\t\t<\/section>\n\t\t\t\t<section class=\"elementor-section elementor-top-section elementor-element elementor-element-449cfdfc elementor-section-boxed elementor-section-height-default elementor-section-height-default\" data-id=\"449cfdfc\" data-element_type=\"section\">\n\t\t\t\t\t\t<div class=\"elementor-container elementor-column-gap-default\">\n\t\t\t\t\t<div class=\"elementor-column elementor-col-100 elementor-top-column elementor-element elementor-element-5c3b3068 elementor-invisible\" data-id=\"5c3b3068\" data-element_type=\"column\" data-settings=\"{&quot;animation&quot;:&quot;fadeInUp&quot;}\">\n\t\t\t<div class=\"elementor-widget-wrap elementor-element-populated\">\n\t\t\t\t\t\t\t\t<div class=\"elementor-element elementor-element-ea64923 elementor-posts__hover-none elementor-grid-3 elementor-grid-tablet-2 elementor-grid-mobile-1 elementor-posts--thumbnail-top elementor-card-shadow-yes elementor-widget elementor-widget-posts\" data-id=\"ea64923\" data-element_type=\"widget\" data-settings=\"{&quot;pagination_type&quot;:&quot;numbers&quot;,&quot;cards_columns&quot;:&quot;3&quot;,&quot;cards_columns_tablet&quot;:&quot;2&quot;,&quot;cards_columns_mobile&quot;:&quot;1&quot;,&quot;cards_row_gap&quot;:{&quot;unit&quot;:&quot;px&quot;,&quot;size&quot;:35,&quot;sizes&quot;:[]},&quot;cards_row_gap_tablet&quot;:{&quot;unit&quot;:&quot;px&quot;,&quot;size&quot;:&quot;&quot;,&quot;sizes&quot;:[]},&quot;cards_row_gap_mobile&quot;:{&quot;unit&quot;:&quot;px&quot;,&quot;size&quot;:&quot;&quot;,&quot;sizes&quot;:[]}}\" data-widget_type=\"posts.cards\">\n\t\t\t\t<div class=\"elementor-widget-container\">\n\t\t\t<link rel=\"stylesheet\" href=\"https:\/\/www.fibresecurity.com\/wp-content\/plugins\/elementor-pro\/assets\/css\/widget-posts.min.css\">\t\t<div class=\"elementor-posts-container elementor-posts elementor-posts--skin-cards elementor-grid\">\n\t\t\t\t<article class=\"elementor-post elementor-grid-item post-6827 post type-post status-publish format-standard has-post-thumbnail hentry category-news-fr entry\">\n\t\t\t<div class=\"elementor-post__card\">\n\t\t\t\t<a class=\"elementor-post__thumbnail__link\" href=\"https:\/\/www.fibresecurity.com\/fr\/10-incroyables-projets-de-tunnels-dans-le-monde\/\" ><div class=\"elementor-post__thumbnail\"><img loading=\"lazy\" decoding=\"async\" width=\"915\" height=\"473\" src=\"https:\/\/www.fibresecurity.com\/wp-content\/uploads\/2021\/07\/BG_10_tunnels.png\" class=\"attachment-full size-full wp-image-6829\" alt=\"\" srcset=\"https:\/\/www.fibresecurity.com\/wp-content\/uploads\/2021\/07\/BG_10_tunnels.png 915w, https:\/\/www.fibresecurity.com\/wp-content\/uploads\/2021\/07\/BG_10_tunnels-300x155.png 300w, https:\/\/www.fibresecurity.com\/wp-content\/uploads\/2021\/07\/BG_10_tunnels-768x397.png 768w\" sizes=\"auto, (max-width: 915px) 100vw, 915px\" style=\"width:100%;height:51.69%;max-width:915px;\" \/><\/div><\/a>\n\t\t\t\t<div class=\"elementor-post__text\">\n\t\t\t\t<h3 class=\"elementor-post__title\">\n\t\t\t<a href=\"https:\/\/www.fibresecurity.com\/fr\/10-incroyables-projets-de-tunnels-dans-le-monde\/\" >\n\t\t\t\t10 incroyables projets de tunnels dans le monde.\t\t\t<\/a>\n\t\t<\/h3>\n\t\t\t\t<div class=\"elementor-post__excerpt\">\n\t\t\t<p>Si l\u2019on d\u00e9nombre quelque 1 000 projets de tunnels dans le monde, pour un montant global de 680 milliards d\u2019euros, seuls 10 d\u2019entre eux<\/p>\n\t\t<\/div>\n\t\t\n\t\t<a class=\"elementor-post__read-more\" href=\"https:\/\/www.fibresecurity.com\/fr\/10-incroyables-projets-de-tunnels-dans-le-monde\/\" aria-label=\"Read more about 10 incroyables projets de tunnels dans le monde.\" >\n\t\t\tLeggi tutto \u00bb\t\t<\/a>\n\n\t\t\t\t<\/div>\n\t\t\t\t<div class=\"elementor-post__meta-data\">\n\t\t\t\t\t<span class=\"elementor-post-date\">\n\t\t\t15 December 2017\t\t<\/span>\n\t\t\t\t<\/div>\n\t\t\t\t\t<\/div>\n\t\t<\/article>\n\t\t\t\t<article class=\"elementor-post elementor-grid-item post-6823 post type-post status-publish format-standard has-post-thumbnail hentry category-news-fr entry\">\n\t\t\t<div class=\"elementor-post__card\">\n\t\t\t\t<a class=\"elementor-post__thumbnail__link\" href=\"https:\/\/www.fibresecurity.com\/fr\/les-10-tunnels-qui-transformeront-la-planete-di-jean-philippe-buchs\/\" ><div class=\"elementor-post__thumbnail\"><img loading=\"lazy\" decoding=\"async\" width=\"915\" height=\"473\" src=\"https:\/\/www.fibresecurity.com\/wp-content\/uploads\/2021\/07\/BG_10_tunnels_pianeta.png\" class=\"attachment-full size-full wp-image-6825\" alt=\"\" srcset=\"https:\/\/www.fibresecurity.com\/wp-content\/uploads\/2021\/07\/BG_10_tunnels_pianeta.png 915w, https:\/\/www.fibresecurity.com\/wp-content\/uploads\/2021\/07\/BG_10_tunnels_pianeta-300x155.png 300w, https:\/\/www.fibresecurity.com\/wp-content\/uploads\/2021\/07\/BG_10_tunnels_pianeta-768x397.png 768w\" sizes=\"auto, (max-width: 915px) 100vw, 915px\" style=\"width:100%;height:51.69%;max-width:915px;\" \/><\/div><\/a>\n\t\t\t\t<div class=\"elementor-post__text\">\n\t\t\t\t<h3 class=\"elementor-post__title\">\n\t\t\t<a href=\"https:\/\/www.fibresecurity.com\/fr\/les-10-tunnels-qui-transformeront-la-planete-di-jean-philippe-buchs\/\" >\n\t\t\t\tLes 10 tunnels qui transformeront la plan\u00e8te.\t\t\t<\/a>\n\t\t<\/h3>\n\t\t\t\t<div class=\"elementor-post__excerpt\">\n\t\t\t\t\t<\/div>\n\t\t\n\t\t<a class=\"elementor-post__read-more\" href=\"https:\/\/www.fibresecurity.com\/fr\/les-10-tunnels-qui-transformeront-la-planete-di-jean-philippe-buchs\/\" aria-label=\"Read more about Les 10 tunnels qui transformeront la plan\u00e8te.\" >\n\t\t\tLeggi tutto \u00bb\t\t<\/a>\n\n\t\t\t\t<\/div>\n\t\t\t\t<div class=\"elementor-post__meta-data\">\n\t\t\t\t\t<span class=\"elementor-post-date\">\n\t\t\t10 December 2017\t\t<\/span>\n\t\t\t\t<\/div>\n\t\t\t\t\t<\/div>\n\t\t<\/article>\n\t\t\t\t<article class=\"elementor-post elementor-grid-item post-6820 post type-post status-publish format-standard has-post-thumbnail hentry category-news-fr entry\">\n\t\t\t<div class=\"elementor-post__card\">\n\t\t\t\t<a class=\"elementor-post__thumbnail__link\" href=\"https:\/\/www.fibresecurity.com\/fr\/spie-batignolles-tpci-presente-ses-techniques-dexcavation-en-realite-virtuelle-di-amar-silem\/\" ><div class=\"elementor-post__thumbnail\"><img loading=\"lazy\" decoding=\"async\" width=\"915\" height=\"477\" src=\"https:\/\/www.fibresecurity.com\/wp-content\/uploads\/2021\/07\/BG_3D_galleria.png\" class=\"attachment-full size-full wp-image-6822\" alt=\"\" srcset=\"https:\/\/www.fibresecurity.com\/wp-content\/uploads\/2021\/07\/BG_3D_galleria.png 915w, https:\/\/www.fibresecurity.com\/wp-content\/uploads\/2021\/07\/BG_3D_galleria-300x156.png 300w, https:\/\/www.fibresecurity.com\/wp-content\/uploads\/2021\/07\/BG_3D_galleria-768x400.png 768w\" sizes=\"auto, (max-width: 915px) 100vw, 915px\" style=\"width:100%;height:52.13%;max-width:915px;\" \/><\/div><\/a>\n\t\t\t\t<div class=\"elementor-post__text\">\n\t\t\t\t<h3 class=\"elementor-post__title\">\n\t\t\t<a href=\"https:\/\/www.fibresecurity.com\/fr\/spie-batignolles-tpci-presente-ses-techniques-dexcavation-en-realite-virtuelle-di-amar-silem\/\" >\n\t\t\t\tSPIE batignolles TPCI pr\u00e9sente ses techniques d\u2019excavation en r\u00e9alit\u00e9 virtuelle.\t\t\t<\/a>\n\t\t<\/h3>\n\t\t\t\t<div class=\"elementor-post__excerpt\">\n\t\t\t\t\t<\/div>\n\t\t\n\t\t<a class=\"elementor-post__read-more\" href=\"https:\/\/www.fibresecurity.com\/fr\/spie-batignolles-tpci-presente-ses-techniques-dexcavation-en-realite-virtuelle-di-amar-silem\/\" aria-label=\"Read more about SPIE batignolles TPCI pr\u00e9sente ses techniques d\u2019excavation en r\u00e9alit\u00e9 virtuelle.\" >\n\t\t\tLeggi tutto \u00bb\t\t<\/a>\n\n\t\t\t\t<\/div>\n\t\t\t\t<div class=\"elementor-post__meta-data\">\n\t\t\t\t\t<span class=\"elementor-post-date\">\n\t\t\t7 December 2017\t\t<\/span>\n\t\t\t\t<\/div>\n\t\t\t\t\t<\/div>\n\t\t<\/article>\n\t\t\t\t<article class=\"elementor-post elementor-grid-item post-8946 post type-post status-publish format-standard has-post-thumbnail hentry category-news-fr entry\">\n\t\t\t<div class=\"elementor-post__card\">\n\t\t\t\t<a class=\"elementor-post__thumbnail__link\" href=\"https:\/\/www.fibresecurity.com\/fr\/lespace-souterrain-notre-richesse\/\" ><div class=\"elementor-post__thumbnail\"><img loading=\"lazy\" decoding=\"async\" width=\"915\" height=\"477\" src=\"https:\/\/www.fibresecurity.com\/wp-content\/uploads\/2021\/09\/BG_convegno_parigi2.png\" class=\"attachment-full size-full wp-image-8947\" alt=\"\" srcset=\"https:\/\/www.fibresecurity.com\/wp-content\/uploads\/2021\/09\/BG_convegno_parigi2.png 915w, https:\/\/www.fibresecurity.com\/wp-content\/uploads\/2021\/09\/BG_convegno_parigi2-300x156.png 300w, https:\/\/www.fibresecurity.com\/wp-content\/uploads\/2021\/09\/BG_convegno_parigi2-768x400.png 768w\" sizes=\"auto, (max-width: 915px) 100vw, 915px\" style=\"width:100%;height:52.13%;max-width:915px;\" \/><\/div><\/a>\n\t\t\t\t<div class=\"elementor-post__text\">\n\t\t\t\t<h3 class=\"elementor-post__title\">\n\t\t\t<a href=\"https:\/\/www.fibresecurity.com\/fr\/lespace-souterrain-notre-richesse\/\" >\n\t\t\t\tL&#8217;espace souterrain, notre richesse.\t\t\t<\/a>\n\t\t<\/h3>\n\t\t\t\t<div class=\"elementor-post__excerpt\">\n\t\t\t<p>L\u2019Association Fran\u00e7aise des Tunnels et de l\u2019Espace Souterrain (AFTES) organise son 15\u00e8me Congr\u00e8s International qui se tiendra du 13 au 16 novembre 2O17. Le<\/p>\n\t\t<\/div>\n\t\t\n\t\t<a class=\"elementor-post__read-more\" href=\"https:\/\/www.fibresecurity.com\/fr\/lespace-souterrain-notre-richesse\/\" aria-label=\"Read more about L&#8217;espace souterrain, notre richesse.\" >\n\t\t\tLeggi tutto \u00bb\t\t<\/a>\n\n\t\t\t\t<\/div>\n\t\t\t\t<div class=\"elementor-post__meta-data\">\n\t\t\t\t\t<span class=\"elementor-post-date\">\n\t\t\t2 November 2017\t\t<\/span>\n\t\t\t\t<\/div>\n\t\t\t\t\t<\/div>\n\t\t<\/article>\n\t\t\t\t<article class=\"elementor-post elementor-grid-item post-8955 post type-post status-publish format-standard has-post-thumbnail hentry category-news-fr entry\">\n\t\t\t<div class=\"elementor-post__card\">\n\t\t\t\t<a class=\"elementor-post__thumbnail__link\" href=\"https:\/\/www.fibresecurity.com\/fr\/la-transalpine-lyon-turin-vers-un-prolongement-de-lafa-jusqua-venissieux\/\" ><div class=\"elementor-post__thumbnail\"><img loading=\"lazy\" decoding=\"async\" width=\"915\" height=\"473\" src=\"https:\/\/www.fibresecurity.com\/wp-content\/uploads\/2021\/09\/BG_ferrovia_lione_torino.png\" class=\"attachment-full size-full wp-image-8956\" alt=\"\" srcset=\"https:\/\/www.fibresecurity.com\/wp-content\/uploads\/2021\/09\/BG_ferrovia_lione_torino.png 915w, https:\/\/www.fibresecurity.com\/wp-content\/uploads\/2021\/09\/BG_ferrovia_lione_torino-300x155.png 300w, https:\/\/www.fibresecurity.com\/wp-content\/uploads\/2021\/09\/BG_ferrovia_lione_torino-768x397.png 768w\" sizes=\"auto, (max-width: 915px) 100vw, 915px\" style=\"width:100%;height:51.69%;max-width:915px;\" \/><\/div><\/a>\n\t\t\t\t<div class=\"elementor-post__text\">\n\t\t\t\t<h3 class=\"elementor-post__title\">\n\t\t\t<a href=\"https:\/\/www.fibresecurity.com\/fr\/la-transalpine-lyon-turin-vers-un-prolongement-de-lafa-jusqua-venissieux\/\" >\n\t\t\t\tLa transalpine Lyon-Turin: vers un prolongement de l&#8217;AFA jusqu&#8217;a Venissieux.\t\t\t<\/a>\n\t\t<\/h3>\n\t\t\t\t<div class=\"elementor-post__excerpt\">\n\t\t\t<p>Le Premier ministre Bernard Cazeneuve vient de confirmer le lancement en mai d&#8217;un appel d\u2019offres pour d\u00e9signer le futur concessionnaire de l&#8217;Autoroute Ferroviaire Alpine,<\/p>\n\t\t<\/div>\n\t\t\n\t\t<a class=\"elementor-post__read-more\" href=\"https:\/\/www.fibresecurity.com\/fr\/la-transalpine-lyon-turin-vers-un-prolongement-de-lafa-jusqua-venissieux\/\" aria-label=\"Read more about La transalpine Lyon-Turin: vers un prolongement de l&#8217;AFA jusqu&#8217;a Venissieux.\" >\n\t\t\tLeggi tutto \u00bb\t\t<\/a>\n\n\t\t\t\t<\/div>\n\t\t\t\t<div class=\"elementor-post__meta-data\">\n\t\t\t\t\t<span class=\"elementor-post-date\">\n\t\t\t26 April 2017\t\t<\/span>\n\t\t\t\t<\/div>\n\t\t\t\t\t<\/div>\n\t\t<\/article>\n\t\t\t\t<article class=\"elementor-post elementor-grid-item post-8964 post type-post status-publish format-standard has-post-thumbnail hentry category-news-fr entry\">\n\t\t\t<div class=\"elementor-post__card\">\n\t\t\t\t<a class=\"elementor-post__thumbnail__link\" href=\"https:\/\/www.fibresecurity.com\/fr\/voici-a-quoi-pourrait-ressembler-le-monde-connecte-par-hyperloop\/\" ><div class=\"elementor-post__thumbnail\"><img loading=\"lazy\" decoding=\"async\" width=\"915\" height=\"473\" src=\"https:\/\/www.fibresecurity.com\/wp-content\/uploads\/2021\/09\/BG_voici_a_quoi.png\" class=\"attachment-full size-full wp-image-8965\" alt=\"\" srcset=\"https:\/\/www.fibresecurity.com\/wp-content\/uploads\/2021\/09\/BG_voici_a_quoi.png 915w, https:\/\/www.fibresecurity.com\/wp-content\/uploads\/2021\/09\/BG_voici_a_quoi-300x155.png 300w, https:\/\/www.fibresecurity.com\/wp-content\/uploads\/2021\/09\/BG_voici_a_quoi-768x397.png 768w\" sizes=\"auto, (max-width: 915px) 100vw, 915px\" style=\"width:100%;height:51.69%;max-width:915px;\" \/><\/div><\/a>\n\t\t\t\t<div class=\"elementor-post__text\">\n\t\t\t\t<h3 class=\"elementor-post__title\">\n\t\t\t<a href=\"https:\/\/www.fibresecurity.com\/fr\/voici-a-quoi-pourrait-ressembler-le-monde-connecte-par-hyperloop\/\" >\n\t\t\t\tVoici \u00e0 quoi pourrait ressembler le monde connect\u00e9 par Hyperloop.\t\t\t<\/a>\n\t\t<\/h3>\n\t\t\t\t<div class=\"elementor-post__excerpt\">\n\t\t\t<p>By\u00a0Philippe Leguay La technologie de transport Hyperloop imagin\u00e9e par Elon Musk semble conqu\u00e9rir le monde plus vite qu\u2019il n\u2019y para\u00eet. Des projets naissent un<\/p>\n\t\t<\/div>\n\t\t\n\t\t<a class=\"elementor-post__read-more\" href=\"https:\/\/www.fibresecurity.com\/fr\/voici-a-quoi-pourrait-ressembler-le-monde-connecte-par-hyperloop\/\" aria-label=\"Read more about Voici \u00e0 quoi pourrait ressembler le monde connect\u00e9 par Hyperloop.\" >\n\t\t\tLeggi tutto \u00bb\t\t<\/a>\n\n\t\t\t\t<\/div>\n\t\t\t\t<div class=\"elementor-post__meta-data\">\n\t\t\t\t\t<span class=\"elementor-post-date\">\n\t\t\t28 February 2017\t\t<\/span>\n\t\t\t\t<\/div>\n\t\t\t\t\t<\/div>\n\t\t<\/article>\n\t\t\t\t<article class=\"elementor-post elementor-grid-item post-8855 post type-post status-publish format-standard has-post-thumbnail hentry category-news-fr entry\">\n\t\t\t<div class=\"elementor-post__card\">\n\t\t\t\t<a class=\"elementor-post__thumbnail__link\" href=\"https:\/\/www.fibresecurity.com\/fr\/extension-en-mer-de-monaco-techniques-de-construction\/\" ><div class=\"elementor-post__thumbnail\"><img loading=\"lazy\" decoding=\"async\" width=\"915\" height=\"473\" src=\"https:\/\/www.fibresecurity.com\/wp-content\/uploads\/2021\/09\/BG_extension-Monaco-1.png\" class=\"attachment-full size-full wp-image-8856\" alt=\"\" srcset=\"https:\/\/www.fibresecurity.com\/wp-content\/uploads\/2021\/09\/BG_extension-Monaco-1.png 915w, https:\/\/www.fibresecurity.com\/wp-content\/uploads\/2021\/09\/BG_extension-Monaco-1-300x155.png 300w, https:\/\/www.fibresecurity.com\/wp-content\/uploads\/2021\/09\/BG_extension-Monaco-1-768x397.png 768w\" sizes=\"auto, (max-width: 915px) 100vw, 915px\" style=\"width:100%;height:51.69%;max-width:915px;\" \/><\/div><\/a>\n\t\t\t\t<div class=\"elementor-post__text\">\n\t\t\t\t<h3 class=\"elementor-post__title\">\n\t\t\t<a href=\"https:\/\/www.fibresecurity.com\/fr\/extension-en-mer-de-monaco-techniques-de-construction\/\" >\n\t\t\t\tExtension en mer de Monaco: techniques de construction.\t\t\t<\/a>\n\t\t<\/h3>\n\t\t\t\t<div class=\"elementor-post__excerpt\">\n\t\t\t<p>D\u00e9couvrez les techniques de construction qui permettront \u00e0 Bouygues Travaux Publics et plusieurs partenaires mon\u00e9gasques de d\u00e9velopper un nouveau quartier de 6 hectares \u00e0<\/p>\n\t\t<\/div>\n\t\t\n\t\t<a class=\"elementor-post__read-more\" href=\"https:\/\/www.fibresecurity.com\/fr\/extension-en-mer-de-monaco-techniques-de-construction\/\" aria-label=\"Read more about Extension en mer de Monaco: techniques de construction.\" >\n\t\t\tLeggi tutto \u00bb\t\t<\/a>\n\n\t\t\t\t<\/div>\n\t\t\t\t<div class=\"elementor-post__meta-data\">\n\t\t\t\t\t<span class=\"elementor-post-date\">\n\t\t\t3 August 2015\t\t<\/span>\n\t\t\t\t<\/div>\n\t\t\t\t\t<\/div>\n\t\t<\/article>\n\t\t\t\t<\/div>\n\t\t\n\t\t\t\t<\/div>\n\t\t\t\t<\/div>\n\t\t\t\t\t<\/div>\n\t\t<\/div>\n\t\t\t\t\t\t\t<\/div>\n\t\t<\/section>\n\t\t\t\t\t\t\t<\/div>\n\t\t","protected":false},"excerpt":{"rendered":"","protected":false},"author":2,"featured_media":17281,"parent":0,"menu_order":0,"comment_status":"closed","ping_status":"closed","template":"elementor_header_footer","meta":{"footnotes":""},"class_list":["post-6157","page","type-page","status-publish","has-post-thumbnail","hentry","entry"],"acf":[],"yoast_head":"<!-- This site is optimized with the Yoast SEO plugin v21.1 - https:\/\/yoast.com\/wordpress\/plugins\/seo\/ -->\n<title>Nouvelles - Fibresecurity<\/title>\n<meta name=\"robots\" content=\"noindex, follow, max-snippet:-1, max-image-preview:large, max-video-preview:-1\" \/>\n<meta property=\"og:locale\" content=\"fr_FR\" \/>\n<meta property=\"og:type\" content=\"article\" \/>\n<meta property=\"og:title\" content=\"Nouvelles - Fibresecurity\" \/>\n<meta property=\"og:url\" content=\"https:\/\/www.fibresecurity.com\/fr\/nouvelles\/\" \/>\n<meta property=\"og:site_name\" content=\"Fibresecurity\" \/>\n<meta property=\"article:modified_time\" content=\"2021-08-04T13:57:35+00:00\" \/>\n<meta property=\"og:image\" content=\"https:\/\/www.fibresecurity.com\/wp-content\/uploads\/2021\/07\/immagine-fibre.jpg\" \/>\n\t<meta property=\"og:image:width\" content=\"1920\" \/>\n\t<meta property=\"og:image:height\" content=\"735\" \/>\n\t<meta property=\"og:image:type\" content=\"image\/jpeg\" \/>\n<meta name=\"twitter:card\" content=\"summary_large_image\" \/>\n<script type=\"application\/ld+json\" class=\"yoast-schema-graph\">{\"@context\":\"https:\/\/schema.org\",\"@graph\":[{\"@type\":\"WebPage\",\"@id\":\"https:\/\/www.fibresecurity.com\/fr\/nouvelles\/\",\"url\":\"https:\/\/www.fibresecurity.com\/fr\/nouvelles\/\",\"name\":\"Nouvelles - Fibresecurity\",\"isPartOf\":{\"@id\":\"https:\/\/www.fibresecurity.com\/fr\/#website\"},\"datePublished\":\"2021-08-04T13:57:31+00:00\",\"dateModified\":\"2021-08-04T13:57:35+00:00\",\"breadcrumb\":{\"@id\":\"https:\/\/www.fibresecurity.com\/fr\/nouvelles\/#breadcrumb\"},\"inLanguage\":\"fr-FR\",\"potentialAction\":[{\"@type\":\"ReadAction\",\"target\":[\"https:\/\/www.fibresecurity.com\/fr\/nouvelles\/\"]}]},{\"@type\":\"BreadcrumbList\",\"@id\":\"https:\/\/www.fibresecurity.com\/fr\/nouvelles\/#breadcrumb\",\"itemListElement\":[{\"@type\":\"ListItem\",\"position\":1,\"name\":\"Home\",\"item\":\"https:\/\/www.fibresecurity.com\/fr\/\"},{\"@type\":\"ListItem\",\"position\":2,\"name\":\"Nouvelles\"}]},{\"@type\":\"WebSite\",\"@id\":\"https:\/\/www.fibresecurity.com\/fr\/#website\",\"url\":\"https:\/\/www.fibresecurity.com\/fr\/\",\"name\":\"Fibresecurity\",\"description\":\"Fibresecurity\",\"publisher\":{\"@id\":\"https:\/\/www.fibresecurity.com\/fr\/#organization\"},\"potentialAction\":[{\"@type\":\"SearchAction\",\"target\":{\"@type\":\"EntryPoint\",\"urlTemplate\":\"https:\/\/www.fibresecurity.com\/fr\/?s={search_term_string}\"},\"query-input\":\"required name=search_term_string\"}],\"inLanguage\":\"fr-FR\"},{\"@type\":\"Organization\",\"@id\":\"https:\/\/www.fibresecurity.com\/fr\/#organization\",\"name\":\"Fibresecurity\",\"url\":\"https:\/\/www.fibresecurity.com\/fr\/\",\"logo\":{\"@type\":\"ImageObject\",\"inLanguage\":\"fr-FR\",\"@id\":\"https:\/\/www.fibresecurity.com\/fr\/#\/schema\/logo\/image\/\",\"url\":\"https:\/\/www.fibresecurity.com\/wp-content\/uploads\/2022\/06\/FIBRESECURITY_Logo.png\",\"contentUrl\":\"https:\/\/www.fibresecurity.com\/wp-content\/uploads\/2022\/06\/FIBRESECURITY_Logo.png\",\"width\":285,\"height\":100,\"caption\":\"Fibresecurity\"},\"image\":{\"@id\":\"https:\/\/www.fibresecurity.com\/fr\/#\/schema\/logo\/image\/\"}}]}<\/script>\n<!-- \/ Yoast SEO plugin. -->","yoast_head_json":{"title":"Nouvelles - Fibresecurity","robots":{"index":"noindex","follow":"follow","max-snippet":"max-snippet:-1","max-image-preview":"max-image-preview:large","max-video-preview":"max-video-preview:-1"},"og_locale":"fr_FR","og_type":"article","og_title":"Nouvelles - Fibresecurity","og_url":"https:\/\/www.fibresecurity.com\/fr\/nouvelles\/","og_site_name":"Fibresecurity","article_modified_time":"2021-08-04T13:57:35+00:00","og_image":[{"width":1920,"height":735,"url":"https:\/\/www.fibresecurity.com\/wp-content\/uploads\/2021\/07\/immagine-fibre.jpg","type":"image\/jpeg"}],"twitter_card":"summary_large_image","schema":{"@context":"https:\/\/schema.org","@graph":[{"@type":"WebPage","@id":"https:\/\/www.fibresecurity.com\/fr\/nouvelles\/","url":"https:\/\/www.fibresecurity.com\/fr\/nouvelles\/","name":"Nouvelles - Fibresecurity","isPartOf":{"@id":"https:\/\/www.fibresecurity.com\/fr\/#website"},"datePublished":"2021-08-04T13:57:31+00:00","dateModified":"2021-08-04T13:57:35+00:00","breadcrumb":{"@id":"https:\/\/www.fibresecurity.com\/fr\/nouvelles\/#breadcrumb"},"inLanguage":"fr-FR","potentialAction":[{"@type":"ReadAction","target":["https:\/\/www.fibresecurity.com\/fr\/nouvelles\/"]}]},{"@type":"BreadcrumbList","@id":"https:\/\/www.fibresecurity.com\/fr\/nouvelles\/#breadcrumb","itemListElement":[{"@type":"ListItem","position":1,"name":"Home","item":"https:\/\/www.fibresecurity.com\/fr\/"},{"@type":"ListItem","position":2,"name":"Nouvelles"}]},{"@type":"WebSite","@id":"https:\/\/www.fibresecurity.com\/fr\/#website","url":"https:\/\/www.fibresecurity.com\/fr\/","name":"Fibresecurity","description":"Fibresecurity","publisher":{"@id":"https:\/\/www.fibresecurity.com\/fr\/#organization"},"potentialAction":[{"@type":"SearchAction","target":{"@type":"EntryPoint","urlTemplate":"https:\/\/www.fibresecurity.com\/fr\/?s={search_term_string}"},"query-input":"required name=search_term_string"}],"inLanguage":"fr-FR"},{"@type":"Organization","@id":"https:\/\/www.fibresecurity.com\/fr\/#organization","name":"Fibresecurity","url":"https:\/\/www.fibresecurity.com\/fr\/","logo":{"@type":"ImageObject","inLanguage":"fr-FR","@id":"https:\/\/www.fibresecurity.com\/fr\/#\/schema\/logo\/image\/","url":"https:\/\/www.fibresecurity.com\/wp-content\/uploads\/2022\/06\/FIBRESECURITY_Logo.png","contentUrl":"https:\/\/www.fibresecurity.com\/wp-content\/uploads\/2022\/06\/FIBRESECURITY_Logo.png","width":285,"height":100,"caption":"Fibresecurity"},"image":{"@id":"https:\/\/www.fibresecurity.com\/fr\/#\/schema\/logo\/image\/"}}]}},"_links":{"self":[{"href":"https:\/\/www.fibresecurity.com\/fr\/wp-json\/wp\/v2\/pages\/6157","targetHints":{"allow":["GET"]}}],"collection":[{"href":"https:\/\/www.fibresecurity.com\/fr\/wp-json\/wp\/v2\/pages"}],"about":[{"href":"https:\/\/www.fibresecurity.com\/fr\/wp-json\/wp\/v2\/types\/page"}],"author":[{"embeddable":true,"href":"https:\/\/www.fibresecurity.com\/fr\/wp-json\/wp\/v2\/users\/2"}],"replies":[{"embeddable":true,"href":"https:\/\/www.fibresecurity.com\/fr\/wp-json\/wp\/v2\/comments?post=6157"}],"version-history":[{"count":0,"href":"https:\/\/www.fibresecurity.com\/fr\/wp-json\/wp\/v2\/pages\/6157\/revisions"}],"wp:featuredmedia":[{"embeddable":true,"href":"https:\/\/www.fibresecurity.com\/fr\/wp-json\/wp\/v2\/media\/17281"}],"wp:attachment":[{"href":"https:\/\/www.fibresecurity.com\/fr\/wp-json\/wp\/v2\/media?parent=6157"}],"curies":[{"name":"wp","href":"https:\/\/api.w.org\/{rel}","templated":true}]}}