{"id":6228,"date":"2021-08-04T16:44:50","date_gmt":"2021-08-04T14:44:50","guid":{"rendered":"https:\/\/www.ntsgen.com\/?page_id=6228"},"modified":"2021-08-16T15:27:03","modified_gmt":"2021-08-16T13:27:03","slug":"tours","status":"publish","type":"page","link":"https:\/\/www.fibresecurity.com\/fr\/tours\/","title":{"rendered":"Tours"},"content":{"rendered":"\t\t<div data-elementor-type=\"wp-page\" data-elementor-id=\"6228\" class=\"elementor elementor-6228 elementor-2298\" data-elementor-post-type=\"page\">\n\t\t\t\t\t\t\t\t\t<section class=\"elementor-section elementor-top-section elementor-element elementor-element-4d533ac4 elementor-section-full_width elementor-section-height-default elementor-section-height-default\" data-id=\"4d533ac4\" data-element_type=\"section\">\n\t\t\t\t\t\t<div class=\"elementor-container elementor-column-gap-default\">\n\t\t\t\t\t<div class=\"elementor-column elementor-col-100 elementor-top-column elementor-element elementor-element-7d5fba7a\" data-id=\"7d5fba7a\" data-element_type=\"column\">\n\t\t\t<div class=\"elementor-widget-wrap elementor-element-populated\">\n\t\t\t\t\t\t\t\t<div class=\"elementor-element elementor-element-7eb87192 elementor--h-position-center elementor--v-position-middle elementor-arrows-position-inside elementor-widget elementor-widget-slides\" data-id=\"7eb87192\" data-element_type=\"widget\" data-settings=\"{&quot;navigation&quot;:&quot;arrows&quot;,&quot;transition_speed&quot;:800,&quot;transition&quot;:&quot;slide&quot;}\" data-widget_type=\"slides.default\">\n\t\t\t\t<div class=\"elementor-widget-container\">\n\t\t\t<style>\/*! elementor-pro - v3.15.0 - 09-08-2023 *\/\n.elementor-slides .swiper-slide-bg{background-size:cover;background-position:50%;background-repeat:no-repeat;min-width:100%;min-height:100%}.elementor-slides .swiper-slide-inner{background-repeat:no-repeat;background-position:50%;position:absolute;top:0;left:0;bottom:0;right:0;padding:50px;margin:auto}.elementor-slides .swiper-slide-inner,.elementor-slides .swiper-slide-inner:hover{color:#fff;display:flex}.elementor-slides .swiper-slide-inner .elementor-background-overlay{position:absolute;z-index:0;top:0;bottom:0;left:0;right:0}.elementor-slides .swiper-slide-inner .elementor-slide-content{position:relative;z-index:1;width:100%}.elementor-slides .swiper-slide-inner .elementor-slide-heading{font-size:35px;font-weight:700;line-height:1}.elementor-slides .swiper-slide-inner .elementor-slide-description{font-size:17px;line-height:1.4}.elementor-slides .swiper-slide-inner .elementor-slide-description:not(:last-child),.elementor-slides .swiper-slide-inner .elementor-slide-heading:not(:last-child){margin-bottom:30px}.elementor-slides .swiper-slide-inner .elementor-slide-button{border:2px solid #fff;color:#fff;background:transparent;display:inline-block}.elementor-slides .swiper-slide-inner .elementor-slide-button,.elementor-slides .swiper-slide-inner .elementor-slide-button:hover{background:transparent;color:inherit;text-decoration:none}.elementor--v-position-top .swiper-slide-inner{align-items:flex-start}.elementor--v-position-bottom .swiper-slide-inner{align-items:flex-end}.elementor--v-position-middle .swiper-slide-inner{align-items:center}.elementor--h-position-left .swiper-slide-inner{justify-content:flex-start}.elementor--h-position-right .swiper-slide-inner{justify-content:flex-end}.elementor--h-position-center .swiper-slide-inner{justify-content:center}body.rtl .elementor-widget-slides .elementor-swiper-button-next{left:10px;right:auto}body.rtl .elementor-widget-slides .elementor-swiper-button-prev{right:10px;left:auto}.elementor-slides-wrapper div:not(.swiper-slide)>.swiper-slide-inner{display:none}@media (max-width:767px){.elementor-slides .swiper-slide-inner{padding:30px}.elementor-slides .swiper-slide-inner .elementor-slide-heading{font-size:23px;line-height:1;margin-bottom:15px}.elementor-slides .swiper-slide-inner .elementor-slide-description{font-size:13px;line-height:1.4;margin-bottom:15px}}<\/style>\t\t<div class=\"elementor-swiper\">\n\t\t\t<div class=\"elementor-slides-wrapper elementor-main-swiper swiper\" dir=\"ltr\" data-animation=\"zoomIn\">\n\t\t\t\t<div class=\"swiper-wrapper elementor-slides\">\n\t\t\t\t\t\t\t\t\t\t<div class=\"elementor-repeater-item-49688cc swiper-slide\"><div class=\"swiper-slide-bg\" role=\"img\"><\/div><div class=\"swiper-slide-inner\" ><div class=\"swiper-slide-contents\"><\/div><\/div><\/div>\t\t\t\t<\/div>\n\t\t\t\t\t\t\t<\/div>\n\t\t<\/div>\n\t\t\t\t<\/div>\n\t\t\t\t<\/div>\n\t\t\t\t\t<\/div>\n\t\t<\/div>\n\t\t\t\t\t\t\t<\/div>\n\t\t<\/section>\n\t\t\t\t<section class=\"elementor-section elementor-top-section elementor-element elementor-element-b30fd9a elementor-section-boxed elementor-section-height-default elementor-section-height-default\" data-id=\"b30fd9a\" data-element_type=\"section\">\n\t\t\t\t\t\t<div class=\"elementor-container elementor-column-gap-default\">\n\t\t\t\t\t<div class=\"elementor-column elementor-col-66 elementor-top-column elementor-element elementor-element-57743372 elementor-invisible\" data-id=\"57743372\" data-element_type=\"column\" data-settings=\"{&quot;animation&quot;:&quot;fadeInLeft&quot;}\">\n\t\t\t<div class=\"elementor-widget-wrap elementor-element-populated\">\n\t\t\t\t\t\t\t\t<div class=\"elementor-element elementor-element-4087487 elementor-widget elementor-widget-text-editor\" data-id=\"4087487\" data-element_type=\"widget\" data-widget_type=\"text-editor.default\">\n\t\t\t\t<div class=\"elementor-widget-container\">\n\t\t\t<style>\/*! elementor - v3.15.0 - 20-08-2023 *\/\n.elementor-widget-text-editor.elementor-drop-cap-view-stacked .elementor-drop-cap{background-color:#69727d;color:#fff}.elementor-widget-text-editor.elementor-drop-cap-view-framed .elementor-drop-cap{color:#69727d;border:3px solid;background-color:transparent}.elementor-widget-text-editor:not(.elementor-drop-cap-view-default) .elementor-drop-cap{margin-top:8px}.elementor-widget-text-editor:not(.elementor-drop-cap-view-default) .elementor-drop-cap-letter{width:1em;height:1em}.elementor-widget-text-editor .elementor-drop-cap{float:left;text-align:center;line-height:1;font-size:50px}.elementor-widget-text-editor .elementor-drop-cap-letter{display:inline-block}<\/style>\t\t\t\t<p>Le syst\u00e8me \u00ab\u00a0OF\u00a0\u00bb TOWER permet de d\u00e9terminer et de surveiller l\u2019\u00e9tat de tension de la structure et de d\u00e9tecter des param\u00e8tres tels que compression, allongement, courbure, charge, torsion, vibration, pression, d\u00e9placement, corrosion, inclinaison, temp\u00e9rature et <strong>niveaux de courant.<\/strong><\/p><p>En particulier, l\u2019application de \u00ab\u00a0OF\u00a0\u00bb \u00e0 une <strong>Tower Telco<\/strong> permet de surveiller les grandeurs n\u00e9cessaires pour caract\u00e9riser l\u2019\u00e9tat de tension de la Tour, ses d\u00e9formations dans l\u2019espace et le plan, son comportement par rapport aux variations thermiques, sa d\u00e9gradation dans le temps.<\/p><p>L\u2019\u00e9quipe d\u2019ing\u00e9nieurs de NTSG a mis au point un mod\u00e8le math\u00e9matique, mis en \u0153uvre dans un logiciel propri\u00e9taire, qui calcule en temps r\u00e9el les valeurs des param\u00e8tres susmentionn\u00e9s pour la structure en question, \u00e0 partir de l\u2019analyse de tension et en utilisant les donn\u00e9es des capteurs optiques.<\/p><p><strong>Le syst\u00e8me \u00ab\u00a0OF\u00a0\u00bb a \u00e9t\u00e9 brevet\u00e9 en Italie et en Europe.<\/strong><\/p><h2>Potentiel du syst\u00e8me \u00ab\u00a0OF\u00a0\u00bb<\/h2><p>L\u2019utilisation du syst\u00e8me \u00ab OF \u00bb permet de r\u00e9aliser:<\/p><ul><li>Syst\u00e8me de surveillance de la structure de la Tour, en temps r\u00e9el, \u00e0 grande vitesse d\u2019acquisition;<\/li><li>Syst\u00e8me de s\u00e9curit\u00e9 et de sauvegarde de la structure et des personnes qui l\u2019utilisent;<\/li><li>Instrument capable de tester les caract\u00e9ristiques des mat\u00e9riaux et leurs formes g\u00e9om\u00e9triques;<\/li><li>Instrument de validation du comportement de la structure;<\/li><li>Syst\u00e8me de contr\u00f4le de la d\u00e9t\u00e9rioration et du vieillissement de l\u2019\u0153uvre.<\/li><\/ul><p>\u00a0<\/p><p>Le degr\u00e9 \u00e9lev\u00e9 de flexibilit\u00e9 et d\u2019\u00e9volutivit\u00e9 du syst\u00e8me \u00ab\u00a0OF\u00a0\u00bb permet d\u2019appliquer sur tous les types de Tours, sur des \u00e9l\u00e9ments structurels ou non, et de fournir des services suppl\u00e9mentaires et en constante \u00e9volution.<\/p>\t\t\t\t\t\t<\/div>\n\t\t\t\t<\/div>\n\t\t\t\t\t<\/div>\n\t\t<\/div>\n\t\t\t\t<div class=\"elementor-column elementor-col-33 elementor-top-column elementor-element elementor-element-6f6d8812 elementor-invisible\" data-id=\"6f6d8812\" data-element_type=\"column\" data-settings=\"{&quot;animation&quot;:&quot;fadeInRight&quot;}\">\n\t\t\t<div class=\"elementor-widget-wrap elementor-element-populated\">\n\t\t\t\t\t\t\t\t<div class=\"elementor-element elementor-element-b79221d elementor-widget elementor-widget-heading\" data-id=\"b79221d\" data-element_type=\"widget\" data-widget_type=\"heading.default\">\n\t\t\t\t<div class=\"elementor-widget-container\">\n\t\t\t<style>\/*! elementor - v3.15.0 - 20-08-2023 *\/\n.elementor-heading-title{padding:0;margin:0;line-height:1}.elementor-widget-heading .elementor-heading-title[class*=elementor-size-]>a{color:inherit;font-size:inherit;line-height:inherit}.elementor-widget-heading .elementor-heading-title.elementor-size-small{font-size:15px}.elementor-widget-heading .elementor-heading-title.elementor-size-medium{font-size:19px}.elementor-widget-heading .elementor-heading-title.elementor-size-large{font-size:29px}.elementor-widget-heading .elementor-heading-title.elementor-size-xl{font-size:39px}.elementor-widget-heading .elementor-heading-title.elementor-size-xxl{font-size:59px}<\/style><h3 class=\"elementor-heading-title elementor-size-default\">Applications<\/h3>\t\t<\/div>\n\t\t\t\t<\/div>\n\t\t\t\t<div class=\"elementor-element elementor-element-1f6a4c75 elementor-nav-menu--dropdown-none elementor-widget elementor-widget-global elementor-global-484 elementor-widget-nav-menu\" data-id=\"1f6a4c75\" data-element_type=\"widget\" data-settings=\"{&quot;layout&quot;:&quot;vertical&quot;,&quot;submenu_icon&quot;:{&quot;value&quot;:&quot;&quot;,&quot;library&quot;:&quot;&quot;}}\" data-widget_type=\"nav-menu.default\">\n\t\t\t\t<div class=\"elementor-widget-container\">\n\t\t\t<link rel=\"stylesheet\" href=\"https:\/\/www.fibresecurity.com\/wp-content\/plugins\/elementor-pro\/assets\/css\/widget-nav-menu.min.css\">\t\t\t<nav class=\"elementor-nav-menu--main elementor-nav-menu__container elementor-nav-menu--layout-vertical e--pointer-none\">\n\t\t\t\t<ul id=\"menu-1-1f6a4c75\" class=\"elementor-nav-menu sm-vertical\"><li class=\"menu-item menu-item-type-post_type menu-item-object-page menu-item-7335\"><a href=\"https:\/\/www.fibresecurity.com\/fr\/infrastructures-civiles\/\" class=\"elementor-item\">Infrastructures Civiles<\/a><\/li>\n<li class=\"menu-item menu-item-type-post_type menu-item-object-page menu-item-7340\"><a href=\"https:\/\/www.fibresecurity.com\/fr\/tours\/\" class=\"elementor-item\">Tours<\/a><\/li>\n<li class=\"menu-item menu-item-type-post_type menu-item-object-page menu-item-7339\"><a href=\"https:\/\/www.fibresecurity.com\/fr\/ponts\/\" class=\"elementor-item\">Ponts<\/a><\/li>\n<li class=\"menu-item menu-item-type-post_type menu-item-object-page menu-item-7656\"><a href=\"https:\/\/www.fibresecurity.com\/fr\/autoroutes\/\" class=\"elementor-item\">Autoroutes<\/a><\/li>\n<li class=\"menu-item menu-item-type-post_type menu-item-object-page menu-item-7334\"><a href=\"https:\/\/www.fibresecurity.com\/fr\/galeries\/\" class=\"elementor-item\">Galeries<\/a><\/li>\n<li class=\"menu-item menu-item-type-post_type menu-item-object-page menu-item-7336\"><a href=\"https:\/\/www.fibresecurity.com\/fr\/train\/\" class=\"elementor-item\">le train<\/a><\/li>\n<li class=\"menu-item menu-item-type-post_type menu-item-object-page menu-item-7338\"><a href=\"https:\/\/www.fibresecurity.com\/fr\/petrole-et-gaz\/\" class=\"elementor-item\">P\u00e9trole et gaz<\/a><\/li>\n<li class=\"menu-item menu-item-type-post_type menu-item-object-page menu-item-7332\"><a href=\"https:\/\/www.fibresecurity.com\/fr\/energie\/\" class=\"elementor-item\">\u00e9nergie<\/a><\/li>\n<li class=\"menu-item menu-item-type-post_type menu-item-object-page menu-item-7333\"><a href=\"https:\/\/www.fibresecurity.com\/fr\/eolien\/\" class=\"elementor-item\">\u00e9olien<\/a><\/li>\n<li class=\"menu-item menu-item-type-post_type menu-item-object-page menu-item-7331\"><a href=\"https:\/\/www.fibresecurity.com\/fr\/conduites\/\" class=\"elementor-item\">Conduites<\/a><\/li>\n<li class=\"menu-item menu-item-type-post_type menu-item-object-page menu-item-7329\"><a href=\"https:\/\/www.fibresecurity.com\/fr\/barrages\/\" class=\"elementor-item\">barrages<\/a><\/li>\n<li class=\"menu-item menu-item-type-post_type menu-item-object-page menu-item-7330\"><a href=\"https:\/\/www.fibresecurity.com\/fr\/cultural-heritage\/\" class=\"elementor-item\">biens culturels<\/a><\/li>\n<li class=\"menu-item menu-item-type-post_type menu-item-object-page menu-item-7326\"><a href=\"https:\/\/www.fibresecurity.com\/fr\/aeronautico\/\" class=\"elementor-item\">A\u00e9ronautique<\/a><\/li>\n<li class=\"menu-item menu-item-type-post_type menu-item-object-page menu-item-7327\"><a href=\"https:\/\/www.fibresecurity.com\/fr\/aerospatiale\/\" class=\"elementor-item\">A\u00e9rospatiale<\/a><\/li>\n<li class=\"menu-item menu-item-type-post_type menu-item-object-page menu-item-7328\"><a href=\"https:\/\/www.fibresecurity.com\/fr\/automobile\/\" class=\"elementor-item\">Automobile<\/a><\/li>\n<li class=\"menu-item menu-item-type-post_type menu-item-object-page menu-item-7337\"><a href=\"https:\/\/www.fibresecurity.com\/fr\/nautique\/\" class=\"elementor-item\">Nautique<\/a><\/li>\n<\/ul>\t\t\t<\/nav>\n\t\t\t\t\t\t<nav class=\"elementor-nav-menu--dropdown elementor-nav-menu__container\" aria-hidden=\"true\">\n\t\t\t\t<ul id=\"menu-2-1f6a4c75\" class=\"elementor-nav-menu sm-vertical\"><li class=\"menu-item menu-item-type-post_type menu-item-object-page menu-item-7335\"><a href=\"https:\/\/www.fibresecurity.com\/fr\/infrastructures-civiles\/\" class=\"elementor-item\" tabindex=\"-1\">Infrastructures Civiles<\/a><\/li>\n<li class=\"menu-item menu-item-type-post_type menu-item-object-page menu-item-7340\"><a href=\"https:\/\/www.fibresecurity.com\/fr\/tours\/\" class=\"elementor-item\" tabindex=\"-1\">Tours<\/a><\/li>\n<li class=\"menu-item menu-item-type-post_type menu-item-object-page menu-item-7339\"><a href=\"https:\/\/www.fibresecurity.com\/fr\/ponts\/\" class=\"elementor-item\" tabindex=\"-1\">Ponts<\/a><\/li>\n<li class=\"menu-item menu-item-type-post_type menu-item-object-page menu-item-7656\"><a href=\"https:\/\/www.fibresecurity.com\/fr\/autoroutes\/\" class=\"elementor-item\" tabindex=\"-1\">Autoroutes<\/a><\/li>\n<li class=\"menu-item menu-item-type-post_type menu-item-object-page menu-item-7334\"><a href=\"https:\/\/www.fibresecurity.com\/fr\/galeries\/\" class=\"elementor-item\" tabindex=\"-1\">Galeries<\/a><\/li>\n<li class=\"menu-item menu-item-type-post_type menu-item-object-page menu-item-7336\"><a href=\"https:\/\/www.fibresecurity.com\/fr\/train\/\" class=\"elementor-item\" tabindex=\"-1\">le train<\/a><\/li>\n<li class=\"menu-item menu-item-type-post_type menu-item-object-page menu-item-7338\"><a href=\"https:\/\/www.fibresecurity.com\/fr\/petrole-et-gaz\/\" class=\"elementor-item\" tabindex=\"-1\">P\u00e9trole et gaz<\/a><\/li>\n<li class=\"menu-item menu-item-type-post_type menu-item-object-page menu-item-7332\"><a href=\"https:\/\/www.fibresecurity.com\/fr\/energie\/\" class=\"elementor-item\" tabindex=\"-1\">\u00e9nergie<\/a><\/li>\n<li class=\"menu-item menu-item-type-post_type menu-item-object-page menu-item-7333\"><a href=\"https:\/\/www.fibresecurity.com\/fr\/eolien\/\" class=\"elementor-item\" tabindex=\"-1\">\u00e9olien<\/a><\/li>\n<li class=\"menu-item menu-item-type-post_type menu-item-object-page menu-item-7331\"><a href=\"https:\/\/www.fibresecurity.com\/fr\/conduites\/\" class=\"elementor-item\" tabindex=\"-1\">Conduites<\/a><\/li>\n<li class=\"menu-item menu-item-type-post_type menu-item-object-page menu-item-7329\"><a href=\"https:\/\/www.fibresecurity.com\/fr\/barrages\/\" class=\"elementor-item\" tabindex=\"-1\">barrages<\/a><\/li>\n<li class=\"menu-item menu-item-type-post_type menu-item-object-page menu-item-7330\"><a href=\"https:\/\/www.fibresecurity.com\/fr\/cultural-heritage\/\" class=\"elementor-item\" tabindex=\"-1\">biens culturels<\/a><\/li>\n<li class=\"menu-item menu-item-type-post_type menu-item-object-page menu-item-7326\"><a href=\"https:\/\/www.fibresecurity.com\/fr\/aeronautico\/\" class=\"elementor-item\" tabindex=\"-1\">A\u00e9ronautique<\/a><\/li>\n<li class=\"menu-item menu-item-type-post_type menu-item-object-page menu-item-7327\"><a href=\"https:\/\/www.fibresecurity.com\/fr\/aerospatiale\/\" class=\"elementor-item\" tabindex=\"-1\">A\u00e9rospatiale<\/a><\/li>\n<li class=\"menu-item menu-item-type-post_type menu-item-object-page menu-item-7328\"><a href=\"https:\/\/www.fibresecurity.com\/fr\/automobile\/\" class=\"elementor-item\" tabindex=\"-1\">Automobile<\/a><\/li>\n<li class=\"menu-item menu-item-type-post_type menu-item-object-page menu-item-7337\"><a href=\"https:\/\/www.fibresecurity.com\/fr\/nautique\/\" class=\"elementor-item\" tabindex=\"-1\">Nautique<\/a><\/li>\n<\/ul>\t\t\t<\/nav>\n\t\t\t\t<\/div>\n\t\t\t\t<\/div>\n\t\t\t\t\t<\/div>\n\t\t<\/div>\n\t\t\t\t\t\t\t<\/div>\n\t\t<\/section>\n\t\t\t\t\t\t\t<\/div>\n\t\t","protected":false},"excerpt":{"rendered":"<p>Le syst\u00e8me \u00ab\u00a0OF\u00a0\u00bb TOWER permet de d\u00e9terminer et de surveiller l\u2019\u00e9tat de tension de la structure et de d\u00e9tecter des param\u00e8tres tels que compression, allongement, courbure, charge, torsion, vibration, pression, d\u00e9placement, corrosion, inclinaison, temp\u00e9rature et niveaux de courant. En particulier, l\u2019application de \u00ab\u00a0OF\u00a0\u00bb \u00e0 une Tower Telco permet de surveiller les grandeurs n\u00e9cessaires pour caract\u00e9riser&hellip; <a class=\"more-link\" href=\"https:\/\/www.fibresecurity.com\/fr\/tours\/\">Continue reading <span class=\"screen-reader-text\">Tours<\/span><\/a><\/p>\n","protected":false},"author":2,"featured_media":0,"parent":0,"menu_order":0,"comment_status":"closed","ping_status":"closed","template":"elementor_header_footer","meta":{"footnotes":""},"class_list":["post-6228","page","type-page","status-publish","hentry","entry"],"acf":[],"yoast_head":"<!-- This site is optimized with the Yoast SEO plugin v21.1 - https:\/\/yoast.com\/wordpress\/plugins\/seo\/ -->\n<title>Tours - Fibresecurity<\/title>\n<meta name=\"robots\" content=\"noindex, follow, max-snippet:-1, max-image-preview:large, max-video-preview:-1\" \/>\n<meta property=\"og:locale\" content=\"fr_FR\" \/>\n<meta property=\"og:type\" content=\"article\" \/>\n<meta property=\"og:title\" content=\"Tours - Fibresecurity\" \/>\n<meta property=\"og:description\" content=\"Le syst\u00e8me \u00ab\u00a0OF\u00a0\u00bb TOWER permet de d\u00e9terminer et de surveiller l\u2019\u00e9tat de tension de la structure et de d\u00e9tecter des param\u00e8tres tels que compression, allongement, courbure, charge, torsion, vibration, pression, d\u00e9placement, corrosion, inclinaison, temp\u00e9rature et niveaux de courant. En particulier, l\u2019application de \u00ab\u00a0OF\u00a0\u00bb \u00e0 une Tower Telco permet de surveiller les grandeurs n\u00e9cessaires pour caract\u00e9riser&hellip; Continue reading Tours\" \/>\n<meta property=\"og:url\" content=\"https:\/\/www.fibresecurity.com\/fr\/tours\/\" \/>\n<meta property=\"og:site_name\" content=\"Fibresecurity\" \/>\n<meta property=\"article:modified_time\" content=\"2021-08-16T13:27:03+00:00\" \/>\n<meta name=\"twitter:card\" content=\"summary_large_image\" \/>\n<meta name=\"twitter:label1\" content=\"Est. reading time\" \/>\n\t<meta name=\"twitter:data1\" content=\"2 minutes\" \/>\n<script type=\"application\/ld+json\" class=\"yoast-schema-graph\">{\"@context\":\"https:\/\/schema.org\",\"@graph\":[{\"@type\":\"WebPage\",\"@id\":\"https:\/\/www.fibresecurity.com\/fr\/tours\/\",\"url\":\"https:\/\/www.fibresecurity.com\/fr\/tours\/\",\"name\":\"Tours - Fibresecurity\",\"isPartOf\":{\"@id\":\"https:\/\/www.fibresecurity.com\/fr\/#website\"},\"datePublished\":\"2021-08-04T14:44:50+00:00\",\"dateModified\":\"2021-08-16T13:27:03+00:00\",\"breadcrumb\":{\"@id\":\"https:\/\/www.fibresecurity.com\/fr\/tours\/#breadcrumb\"},\"inLanguage\":\"fr-FR\",\"potentialAction\":[{\"@type\":\"ReadAction\",\"target\":[\"https:\/\/www.fibresecurity.com\/fr\/tours\/\"]}]},{\"@type\":\"BreadcrumbList\",\"@id\":\"https:\/\/www.fibresecurity.com\/fr\/tours\/#breadcrumb\",\"itemListElement\":[{\"@type\":\"ListItem\",\"position\":1,\"name\":\"Home\",\"item\":\"https:\/\/www.fibresecurity.com\/fr\/\"},{\"@type\":\"ListItem\",\"position\":2,\"name\":\"Tours\"}]},{\"@type\":\"WebSite\",\"@id\":\"https:\/\/www.fibresecurity.com\/fr\/#website\",\"url\":\"https:\/\/www.fibresecurity.com\/fr\/\",\"name\":\"Fibresecurity\",\"description\":\"Fibresecurity\",\"publisher\":{\"@id\":\"https:\/\/www.fibresecurity.com\/fr\/#organization\"},\"potentialAction\":[{\"@type\":\"SearchAction\",\"target\":{\"@type\":\"EntryPoint\",\"urlTemplate\":\"https:\/\/www.fibresecurity.com\/fr\/?s={search_term_string}\"},\"query-input\":\"required name=search_term_string\"}],\"inLanguage\":\"fr-FR\"},{\"@type\":\"Organization\",\"@id\":\"https:\/\/www.fibresecurity.com\/fr\/#organization\",\"name\":\"Fibresecurity\",\"url\":\"https:\/\/www.fibresecurity.com\/fr\/\",\"logo\":{\"@type\":\"ImageObject\",\"inLanguage\":\"fr-FR\",\"@id\":\"https:\/\/www.fibresecurity.com\/fr\/#\/schema\/logo\/image\/\",\"url\":\"https:\/\/www.fibresecurity.com\/wp-content\/uploads\/2022\/06\/FIBRESECURITY_Logo.png\",\"contentUrl\":\"https:\/\/www.fibresecurity.com\/wp-content\/uploads\/2022\/06\/FIBRESECURITY_Logo.png\",\"width\":285,\"height\":100,\"caption\":\"Fibresecurity\"},\"image\":{\"@id\":\"https:\/\/www.fibresecurity.com\/fr\/#\/schema\/logo\/image\/\"}}]}<\/script>\n<!-- \/ Yoast SEO plugin. -->","yoast_head_json":{"title":"Tours - Fibresecurity","robots":{"index":"noindex","follow":"follow","max-snippet":"max-snippet:-1","max-image-preview":"max-image-preview:large","max-video-preview":"max-video-preview:-1"},"og_locale":"fr_FR","og_type":"article","og_title":"Tours - Fibresecurity","og_description":"Le syst\u00e8me \u00ab\u00a0OF\u00a0\u00bb TOWER permet de d\u00e9terminer et de surveiller l\u2019\u00e9tat de tension de la structure et de d\u00e9tecter des param\u00e8tres tels que compression, allongement, courbure, charge, torsion, vibration, pression, d\u00e9placement, corrosion, inclinaison, temp\u00e9rature et niveaux de courant. En particulier, l\u2019application de \u00ab\u00a0OF\u00a0\u00bb \u00e0 une Tower Telco permet de surveiller les grandeurs n\u00e9cessaires pour caract\u00e9riser&hellip; Continue reading Tours","og_url":"https:\/\/www.fibresecurity.com\/fr\/tours\/","og_site_name":"Fibresecurity","article_modified_time":"2021-08-16T13:27:03+00:00","twitter_card":"summary_large_image","twitter_misc":{"Est. reading time":"2 minutes"},"schema":{"@context":"https:\/\/schema.org","@graph":[{"@type":"WebPage","@id":"https:\/\/www.fibresecurity.com\/fr\/tours\/","url":"https:\/\/www.fibresecurity.com\/fr\/tours\/","name":"Tours - Fibresecurity","isPartOf":{"@id":"https:\/\/www.fibresecurity.com\/fr\/#website"},"datePublished":"2021-08-04T14:44:50+00:00","dateModified":"2021-08-16T13:27:03+00:00","breadcrumb":{"@id":"https:\/\/www.fibresecurity.com\/fr\/tours\/#breadcrumb"},"inLanguage":"fr-FR","potentialAction":[{"@type":"ReadAction","target":["https:\/\/www.fibresecurity.com\/fr\/tours\/"]}]},{"@type":"BreadcrumbList","@id":"https:\/\/www.fibresecurity.com\/fr\/tours\/#breadcrumb","itemListElement":[{"@type":"ListItem","position":1,"name":"Home","item":"https:\/\/www.fibresecurity.com\/fr\/"},{"@type":"ListItem","position":2,"name":"Tours"}]},{"@type":"WebSite","@id":"https:\/\/www.fibresecurity.com\/fr\/#website","url":"https:\/\/www.fibresecurity.com\/fr\/","name":"Fibresecurity","description":"Fibresecurity","publisher":{"@id":"https:\/\/www.fibresecurity.com\/fr\/#organization"},"potentialAction":[{"@type":"SearchAction","target":{"@type":"EntryPoint","urlTemplate":"https:\/\/www.fibresecurity.com\/fr\/?s={search_term_string}"},"query-input":"required name=search_term_string"}],"inLanguage":"fr-FR"},{"@type":"Organization","@id":"https:\/\/www.fibresecurity.com\/fr\/#organization","name":"Fibresecurity","url":"https:\/\/www.fibresecurity.com\/fr\/","logo":{"@type":"ImageObject","inLanguage":"fr-FR","@id":"https:\/\/www.fibresecurity.com\/fr\/#\/schema\/logo\/image\/","url":"https:\/\/www.fibresecurity.com\/wp-content\/uploads\/2022\/06\/FIBRESECURITY_Logo.png","contentUrl":"https:\/\/www.fibresecurity.com\/wp-content\/uploads\/2022\/06\/FIBRESECURITY_Logo.png","width":285,"height":100,"caption":"Fibresecurity"},"image":{"@id":"https:\/\/www.fibresecurity.com\/fr\/#\/schema\/logo\/image\/"}}]}},"_links":{"self":[{"href":"https:\/\/www.fibresecurity.com\/fr\/wp-json\/wp\/v2\/pages\/6228","targetHints":{"allow":["GET"]}}],"collection":[{"href":"https:\/\/www.fibresecurity.com\/fr\/wp-json\/wp\/v2\/pages"}],"about":[{"href":"https:\/\/www.fibresecurity.com\/fr\/wp-json\/wp\/v2\/types\/page"}],"author":[{"embeddable":true,"href":"https:\/\/www.fibresecurity.com\/fr\/wp-json\/wp\/v2\/users\/2"}],"replies":[{"embeddable":true,"href":"https:\/\/www.fibresecurity.com\/fr\/wp-json\/wp\/v2\/comments?post=6228"}],"version-history":[{"count":0,"href":"https:\/\/www.fibresecurity.com\/fr\/wp-json\/wp\/v2\/pages\/6228\/revisions"}],"wp:attachment":[{"href":"https:\/\/www.fibresecurity.com\/fr\/wp-json\/wp\/v2\/media?parent=6228"}],"curies":[{"name":"wp","href":"https:\/\/api.w.org\/{rel}","templated":true}]}}